{"id":11,"date":"2026-02-09T16:20:06","date_gmt":"2026-02-09T16:20:06","guid":{"rendered":"https:\/\/joi-ai.site\/?page_id=11"},"modified":"2026-02-10T14:29:36","modified_gmt":"2026-02-10T14:29:36","slug":"juridiske-oplysninger","status":"publish","type":"page","link":"https:\/\/joi-ai.site\/da\/juridiske-oplysninger\/","title":{"rendered":"Juridisk information"},"content":{"rendered":"<div data-elementor-type=\"wp-page\" data-elementor-id=\"11\" class=\"elementor elementor-11\" data-elementor-post-type=\"page\">\n\t\t\t\t<div class=\"elementor-element elementor-element-9c9c1e7 e-flex e-con-boxed e-con e-parent\" data-id=\"9c9c1e7\" data-element_type=\"container\" data-e-type=\"container\" data-settings=\"{&quot;background_background&quot;:&quot;classic&quot;}\">\n\t\t\t\t\t<div class=\"e-con-inner\">\n\t\t\t\t<div class=\"elementor-element elementor-element-9c836a1 elementor-widget elementor-widget-heading\" data-id=\"9c836a1\" data-element_type=\"widget\" data-e-type=\"widget\" data-widget_type=\"heading.default\">\n\t\t\t\t\t<h1 class=\"elementor-heading-title elementor-size-default\">Juridisk information<\/h1>\t\t\t\t<\/div>\n\t\t\t\t<div class=\"elementor-element elementor-element-97f0ea1 elementor-widget elementor-widget-text-editor\" data-id=\"97f0ea1\" data-element_type=\"widget\" data-e-type=\"widget\" data-widget_type=\"text-editor.default\">\n\t\t\t\t\t\t\t\t\t<p><strong><b>Identifikation<\/b><\/strong><br \/>Hjemmesidens navn: Joi-AI<br \/>Webstedets URL: Joi-AI.site<br \/>Ejer og publikationsansvarlig: Joi AI<br \/>E-mail kontakt: contact@joi-ai.site<br \/>Overnatning: Hostinger, \u0160vitrigailos Vilnius, Litauen<\/p><p><strong><b>Vilk\u00e5r og betingelser for brug<\/b><\/strong><br \/>Konsultation af Joi-ai.site er underlagt overholdelse af de brugsbetingelser, der er beskrevet p\u00e5 siden Generelle brugsbetingelser (GCU), som disse juridiske meddelelser er i overensstemmelse med og ikke duplikerer.<\/p><p><strong>Affilierede links<\/strong><\/p><p>Dette websted kan indeholde affiliate-links til kommercielle partnere. Det betyder, at vi kan modtage en provision, hvis du foretager et k\u00f8b via disse links, uden ekstra omkostninger for dig.<\/p><p><strong><b>Intellektuel ejendomsret<\/b><\/strong><br \/>Alt indhold, der offentligg\u00f8res p\u00e5 Joi-ai.site, herunder tekst, billeder, grafik og logoer, er beskyttet af ophavsret. Enhver uautoriseret brug kan resultere i retsforf\u00f8lgelse.<\/p><p><strong><b>Begr\u00e6nsning af ansvar<\/b><\/strong><br \/>Joi-ai bestr\u00e6ber sig p\u00e5 at holde oplysningerne p\u00e5 webstedet opdaterede, men der kan forekomme un\u00f8jagtigheder eller udeladelser.<\/p><h4 class=\"western\"><b>Politik for beskyttelse af personlige oplysninger<\/b><\/h4><p><strong><b>Indsamling og brug af persondata<\/b><\/strong><br \/>De personlige data, der indsamles p\u00e5 Joi-ai.site, er udelukkende beregnet til Joi-ais interne brug. I overensstemmelse med politikken om ikke at videres\u00e6lge oplysninger videregives disse data ikke til tredjeparter.<\/p><p><strong><b>Brugerrettigheder<\/b><\/strong><br \/>I overensstemmelse med reglerne har du ret til at f\u00e5 adgang til, rette og slette data om dig. Disse rettigheder kan ud\u00f8ves ved at kontakte Joi-ai p\u00e5 den ovenfor angivne e-mailadresse.<\/p><p><strong><b>Sm\u00e5kager<\/b><\/strong><br \/>Politikken vedr\u00f8rende cookies er beskrevet i Joi-ai.sites generelle vilk\u00e5r og betingelser for brug (GTCU). Vi bruger cookies til at forbedre din brugeroplevelse uden at s\u00e6lge nogen oplysninger.<\/p><p><strong><b>Hypertekstlinks og g\u00e6ldende lovgivning<\/b><\/strong><br \/>Joi-ai kan ikke holdes ansvarlig for indholdet af andre websteder, som der linkes til.<\/p><p><strong><b>Kontakt<\/b><\/strong><br \/>Hvis du har sp\u00f8rgsm\u00e5l til disse meddelelser eller privatlivspolitikken, eller hvis du \u00f8nsker at ud\u00f8ve dine rettigheder med hensyn til dine personlige data, bedes du kontakte Joi-ai p\u00e5 contact@Joi-ai.site.<\/p>\t\t\t\t\t\t\t\t<\/div>\n\t\t\t\t\t<\/div>\n\t\t\t\t<\/div>\n\t\t\t\t<\/div>","protected":false},"excerpt":{"rendered":"<p>Mentions l\u00e9gales IdentificationNom du site web : Joi-AIURL du site : Joi-AI.sitePropri\u00e9taire et responsable de la publication : Joi AIContact Email : contact@joi-ai.siteH\u00e9bergement : Hostinger, \u0160vitrigailos Vilnius, Lituanie Conditions d\u2019utilisationLa consultation de Joi-ai.site est soumise au respect des conditions d\u2019utilisation d\u00e9crites dans la page des Conditions G\u00e9n\u00e9rales d\u2019Utilisation (CGU), avec lesquelles ces mentions l\u00e9gales sont [&hellip;]<\/p>","protected":false},"author":1,"featured_media":0,"parent":0,"menu_order":0,"comment_status":"closed","ping_status":"closed","template":"","meta":{"footnotes":""},"class_list":["post-11","page","type-page","status-publish","hentry"],"_hostinger_reach_plugin_has_subscription_block":false,"_hostinger_reach_plugin_is_elementor":false,"_links":{"self":[{"href":"https:\/\/joi-ai.site\/da\/wp-json\/wp\/v2\/pages\/11","targetHints":{"allow":["GET"]}}],"collection":[{"href":"https:\/\/joi-ai.site\/da\/wp-json\/wp\/v2\/pages"}],"about":[{"href":"https:\/\/joi-ai.site\/da\/wp-json\/wp\/v2\/types\/page"}],"author":[{"embeddable":true,"href":"https:\/\/joi-ai.site\/da\/wp-json\/wp\/v2\/users\/1"}],"replies":[{"embeddable":true,"href":"https:\/\/joi-ai.site\/da\/wp-json\/wp\/v2\/comments?post=11"}],"version-history":[{"count":10,"href":"https:\/\/joi-ai.site\/da\/wp-json\/wp\/v2\/pages\/11\/revisions"}],"predecessor-version":[{"id":245,"href":"https:\/\/joi-ai.site\/da\/wp-json\/wp\/v2\/pages\/11\/revisions\/245"}],"wp:attachment":[{"href":"https:\/\/joi-ai.site\/da\/wp-json\/wp\/v2\/media?parent=11"}],"curies":[{"name":"wp","href":"https:\/\/api.w.org\/{rel}","templated":true}]}}