{"id":11,"date":"2026-02-09T16:20:06","date_gmt":"2026-02-09T16:20:06","guid":{"rendered":"https:\/\/joi-ai.site\/?page_id=11"},"modified":"2026-02-10T14:29:36","modified_gmt":"2026-02-10T14:29:36","slug":"legal-notice","status":"publish","type":"page","link":"https:\/\/joi-ai.site\/en_ca\/legal-notice\/","title":{"rendered":"Legal Notice"},"content":{"rendered":"<div data-elementor-type=\"wp-page\" data-elementor-id=\"11\" class=\"elementor elementor-11\" data-elementor-post-type=\"page\">\n\t\t\t\t<div class=\"elementor-element elementor-element-9c9c1e7 e-flex e-con-boxed e-con e-parent\" data-id=\"9c9c1e7\" data-element_type=\"container\" data-e-type=\"container\" data-settings=\"{&quot;background_background&quot;:&quot;classic&quot;}\">\n\t\t\t\t\t<div class=\"e-con-inner\">\n\t\t\t\t<div class=\"elementor-element elementor-element-9c836a1 elementor-widget elementor-widget-heading\" data-id=\"9c836a1\" data-element_type=\"widget\" data-e-type=\"widget\" data-widget_type=\"heading.default\">\n\t\t\t\t\t<h1 class=\"elementor-heading-title elementor-size-default\">Terms of use<\/h1>\t\t\t\t<\/div>\n\t\t\t\t<div class=\"elementor-element elementor-element-97f0ea1 elementor-widget elementor-widget-text-editor\" data-id=\"97f0ea1\" data-element_type=\"widget\" data-e-type=\"widget\" data-widget_type=\"text-editor.default\">\n\t\t\t\t\t\t\t\t\t<p><strong><b>Identification<\/b><\/strong><br \/>Website name: Joi-AI<br \/>Site URL: Joi-AI.site<br \/>Owner and publication manager: Joi AI<br \/>Email contact: contact@joi-ai.site<br \/>Accommodation: Hostinger, \u0160vitrigailos Vilnius, Lithuania<\/p><p><strong><b>Conditions of use<\/b><\/strong><br \/>Consultation of Joi-ai.site is subject to compliance with the conditions of use described in the General Conditions of Use (GCU) page, with which these legal notices are consistent and do not present any redundancy.<\/p><p><strong>Affiliate links<\/strong><\/p><p>This site may contain affiliate links to commercial partners. This means that we may earn a commission if you make a purchase via these links, at no extra cost to you.<\/p><p><strong><b>Intellectual property<\/b><\/strong><br \/>All content published on Joi-ai.site, including text, images, graphics, and logo, is protected by copyright. Any unauthorized use may result in legal action.<\/p><p><strong><b>Limitation of liability<\/b><\/strong><br \/>Joi-ai makes every effort to keep the information on the site up to date, however, inaccuracies or omissions may occur.<\/p><h4 class=\"western\"><b>Privacy Policy<\/b><\/h4><p><strong><b>Collection and use of personal data<\/b><\/strong><br \/>Personal data collected on Joi-ai.site are exclusively intended for internal use by Joi-ai. In accordance with our policy of non-re-sale of information, this data is not passed on to third parties.<\/p><p><strong><b>User rights<\/b><\/strong><br \/>In accordance with regulations, you have the right to access, rectify and delete data concerning you. These rights may be exercised by contacting Joi-ai at the above-mentioned e-mail address.<\/p><p><strong><b>Cookies<\/b><\/strong><br \/>The policy relating to cookies is detailed in the General Terms of Use (GTU) of Joi-ai.site. We use cookies to improve your user experience without selling any information.<\/p><p><strong><b>Hyperlinks and applicable law<\/b><\/strong><br \/>Joi-ai is not responsible for the content of other websites linked to this site.<\/p><p><strong><b>Contact<\/b><\/strong><br \/>If you have any questions about these notices or the privacy policy, or to exercise your rights with respect to your personal data, please contact Joi-ai at contact@Joi-ai.site.<\/p>\t\t\t\t\t\t\t\t<\/div>\n\t\t\t\t\t<\/div>\n\t\t\t\t<\/div>\n\t\t\t\t<\/div>","protected":false},"excerpt":{"rendered":"<p>Mentions l\u00e9gales IdentificationNom du site web : Joi-AIURL du site : Joi-AI.sitePropri\u00e9taire et responsable de la publication : Joi AIContact Email : contact@joi-ai.siteH\u00e9bergement : Hostinger, \u0160vitrigailos Vilnius, Lituanie Conditions d\u2019utilisationLa consultation de Joi-ai.site est soumise au respect des conditions d\u2019utilisation d\u00e9crites dans la page des Conditions G\u00e9n\u00e9rales d\u2019Utilisation (CGU), avec lesquelles ces mentions l\u00e9gales sont [&hellip;]<\/p>","protected":false},"author":1,"featured_media":0,"parent":0,"menu_order":0,"comment_status":"closed","ping_status":"closed","template":"","meta":{"footnotes":""},"class_list":["post-11","page","type-page","status-publish","hentry"],"_hostinger_reach_plugin_has_subscription_block":false,"_hostinger_reach_plugin_is_elementor":false,"_links":{"self":[{"href":"https:\/\/joi-ai.site\/en_ca\/wp-json\/wp\/v2\/pages\/11","targetHints":{"allow":["GET"]}}],"collection":[{"href":"https:\/\/joi-ai.site\/en_ca\/wp-json\/wp\/v2\/pages"}],"about":[{"href":"https:\/\/joi-ai.site\/en_ca\/wp-json\/wp\/v2\/types\/page"}],"author":[{"embeddable":true,"href":"https:\/\/joi-ai.site\/en_ca\/wp-json\/wp\/v2\/users\/1"}],"replies":[{"embeddable":true,"href":"https:\/\/joi-ai.site\/en_ca\/wp-json\/wp\/v2\/comments?post=11"}],"version-history":[{"count":10,"href":"https:\/\/joi-ai.site\/en_ca\/wp-json\/wp\/v2\/pages\/11\/revisions"}],"predecessor-version":[{"id":245,"href":"https:\/\/joi-ai.site\/en_ca\/wp-json\/wp\/v2\/pages\/11\/revisions\/245"}],"wp:attachment":[{"href":"https:\/\/joi-ai.site\/en_ca\/wp-json\/wp\/v2\/media?parent=11"}],"curies":[{"name":"wp","href":"https:\/\/api.w.org\/{rel}","templated":true}]}}