{"id":11,"date":"2026-02-09T16:20:06","date_gmt":"2026-02-09T16:20:06","guid":{"rendered":"https:\/\/joi-ai.site\/?page_id=11"},"modified":"2026-02-10T14:29:36","modified_gmt":"2026-02-10T14:29:36","slug":"aviso-legal","status":"publish","type":"page","link":"https:\/\/joi-ai.site\/es_co\/aviso-legal\/","title":{"rendered":"Aviso legal"},"content":{"rendered":"<div data-elementor-type=\"wp-page\" data-elementor-id=\"11\" class=\"elementor elementor-11\" data-elementor-post-type=\"page\">\n\t\t\t\t<div class=\"elementor-element elementor-element-9c9c1e7 e-flex e-con-boxed e-con e-parent\" data-id=\"9c9c1e7\" data-element_type=\"container\" data-e-type=\"container\" data-settings=\"{&quot;background_background&quot;:&quot;classic&quot;}\">\n\t\t\t\t\t<div class=\"e-con-inner\">\n\t\t\t\t<div class=\"elementor-element elementor-element-9c836a1 elementor-widget elementor-widget-heading\" data-id=\"9c836a1\" data-element_type=\"widget\" data-e-type=\"widget\" data-widget_type=\"heading.default\">\n\t\t\t\t\t<h1 class=\"elementor-heading-title elementor-size-default\">Aviso legal<\/h1>\t\t\t\t<\/div>\n\t\t\t\t<div class=\"elementor-element elementor-element-97f0ea1 elementor-widget elementor-widget-text-editor\" data-id=\"97f0ea1\" data-element_type=\"widget\" data-e-type=\"widget\" data-widget_type=\"text-editor.default\">\n\t\t\t\t\t\t\t\t\t<p><strong><b>Identificaci\u00f3n<\/b><\/strong><br \/>Nombre del sitio web: Joi-AI<br \/>URL del sitio web: Joi-AI.site<br \/>Propietario y responsable de la publicaci\u00f3n: Joi AI<br \/>Correo electr\u00f3nico de contacto: contact@joi-ai.site<br \/>Alojamiento: Hostinger, \u0160vitrigailos Vilna, Lituania<\/p><p><strong><b>T\u00e9rminos y condiciones<\/b><\/strong><br \/>La consulta de Joi-ai.site est\u00e1 sujeta al cumplimiento de las condiciones de uso descritas en la p\u00e1gina de Condiciones Generales de Uso (CGU), con las que estos avisos legales son coherentes y no presentan redundancias.<\/p><p><strong>Enlaces de afiliados<\/strong><\/p><p>Este sitio web puede contener enlaces de afiliados a socios comerciales. Esto significa que podemos recibir una comisi\u00f3n si realiza una compra a trav\u00e9s de estos enlaces, sin costo adicional para usted.<\/p><p><strong><b>Propiedad intelectual<\/b><\/strong><br \/>Todo el contenido publicado en Joi-ai.site, incluyendo textos, im\u00e1genes, gr\u00e1ficos y logotipos, est\u00e1 protegido por derechos de autor. Cualquier uso no autorizado puede dar lugar a acciones legales.<\/p><p><strong><b>Limitaci\u00f3n de responsabilidad<\/b><\/strong><br \/>Joi-ai se esfuerza por mantener actualizada la informaci\u00f3n del sitio web; sin embargo, pueden existir inexactitudes u omisiones.<\/p><h4 class=\"western\"><b>Pol\u00edtica de Privacidad<\/b><\/h4><p><strong><b>Recopilaci\u00f3n y uso de datos personales<\/b><\/strong><br \/>Los datos personales recopilados en Joi-ai.site est\u00e1n destinados exclusivamente al uso interno de Joi-ai. De conformidad con la pol\u00edtica de no reventa de informaci\u00f3n, estos datos no se ceden a terceros.<\/p><p><strong><b>Derechos de los usuarios<\/b><\/strong><br \/>De conformidad con la normativa, usted tiene derecho a acceder, rectificar y eliminar los datos que le conciernen. Estos derechos pueden ejercerse poni\u00e9ndose en contacto con Joi-ai en la direcci\u00f3n de correo electr\u00f3nico mencionada anteriormente.<\/p><p><strong><b>Cookies<\/b><\/strong><br \/>La pol\u00edtica relativa a las cookies se detalla en las Condiciones Generales de Uso (CGU) de Joi-ai.site. Utilizamos cookies para mejorar su experiencia de usuario sin revender informaci\u00f3n.<\/p><p><strong><b>Enlaces hipertextuales y legislaci\u00f3n aplicable<\/b><\/strong><br \/>Los enlaces a otros sitios web no comprometen la responsabilidad de Joi-ai en cuanto al contenido de dichos sitios.<\/p><p><strong><b>Contacto<\/b><\/strong><br \/>Si tiene alguna pregunta sobre estas menciones o la pol\u00edtica de privacidad, o si desea ejercer sus derechos en relaci\u00f3n con sus datos personales, p\u00f3ngase en contacto con Joi-ai a trav\u00e9s de contact@Joi-ai.site.<\/p>\t\t\t\t\t\t\t\t<\/div>\n\t\t\t\t\t<\/div>\n\t\t\t\t<\/div>\n\t\t\t\t<\/div>","protected":false},"excerpt":{"rendered":"<p>Mentions l\u00e9gales IdentificationNom du site web : Joi-AIURL du site : Joi-AI.sitePropri\u00e9taire et responsable de la publication : Joi AIContact Email : contact@joi-ai.siteH\u00e9bergement : Hostinger, \u0160vitrigailos Vilnius, Lituanie Conditions d\u2019utilisationLa consultation de Joi-ai.site est soumise au respect des conditions d\u2019utilisation d\u00e9crites dans la page des Conditions G\u00e9n\u00e9rales d\u2019Utilisation (CGU), avec lesquelles ces mentions l\u00e9gales sont [&hellip;]<\/p>","protected":false},"author":1,"featured_media":0,"parent":0,"menu_order":0,"comment_status":"closed","ping_status":"closed","template":"","meta":{"footnotes":""},"class_list":["post-11","page","type-page","status-publish","hentry"],"_hostinger_reach_plugin_has_subscription_block":false,"_hostinger_reach_plugin_is_elementor":false,"_links":{"self":[{"href":"https:\/\/joi-ai.site\/es_co\/wp-json\/wp\/v2\/pages\/11","targetHints":{"allow":["GET"]}}],"collection":[{"href":"https:\/\/joi-ai.site\/es_co\/wp-json\/wp\/v2\/pages"}],"about":[{"href":"https:\/\/joi-ai.site\/es_co\/wp-json\/wp\/v2\/types\/page"}],"author":[{"embeddable":true,"href":"https:\/\/joi-ai.site\/es_co\/wp-json\/wp\/v2\/users\/1"}],"replies":[{"embeddable":true,"href":"https:\/\/joi-ai.site\/es_co\/wp-json\/wp\/v2\/comments?post=11"}],"version-history":[{"count":10,"href":"https:\/\/joi-ai.site\/es_co\/wp-json\/wp\/v2\/pages\/11\/revisions"}],"predecessor-version":[{"id":245,"href":"https:\/\/joi-ai.site\/es_co\/wp-json\/wp\/v2\/pages\/11\/revisions\/245"}],"wp:attachment":[{"href":"https:\/\/joi-ai.site\/es_co\/wp-json\/wp\/v2\/media?parent=11"}],"curies":[{"name":"wp","href":"https:\/\/api.w.org\/{rel}","templated":true}]}}