{"id":11,"date":"2026-02-09T16:20:06","date_gmt":"2026-02-09T16:20:06","guid":{"rendered":"https:\/\/joi-ai.site\/?page_id=11"},"modified":"2026-02-10T14:29:36","modified_gmt":"2026-02-10T14:29:36","slug":"oikeudelliset-tiedot","status":"publish","type":"page","link":"https:\/\/joi-ai.site\/fi\/oikeudelliset-tiedot\/","title":{"rendered":"Oikeudelliset tiedot"},"content":{"rendered":"<div data-elementor-type=\"wp-page\" data-elementor-id=\"11\" class=\"elementor elementor-11\" data-elementor-post-type=\"page\">\n\t\t\t\t<div class=\"elementor-element elementor-element-9c9c1e7 e-flex e-con-boxed e-con e-parent\" data-id=\"9c9c1e7\" data-element_type=\"container\" data-e-type=\"container\" data-settings=\"{&quot;background_background&quot;:&quot;classic&quot;}\">\n\t\t\t\t\t<div class=\"e-con-inner\">\n\t\t\t\t<div class=\"elementor-element elementor-element-9c836a1 elementor-widget elementor-widget-heading\" data-id=\"9c836a1\" data-element_type=\"widget\" data-e-type=\"widget\" data-widget_type=\"heading.default\">\n\t\t\t\t\t<h1 class=\"elementor-heading-title elementor-size-default\">Oikeudelliset tiedot<\/h1>\t\t\t\t<\/div>\n\t\t\t\t<div class=\"elementor-element elementor-element-97f0ea1 elementor-widget elementor-widget-text-editor\" data-id=\"97f0ea1\" data-element_type=\"widget\" data-e-type=\"widget\" data-widget_type=\"text-editor.default\">\n\t\t\t\t\t\t\t\t\t<p><strong><b>Tunnistaminen<\/b><\/strong><br \/>Verkkosivuston nimi: Joi-AI<br \/>Sivuston URL-osoite: Joi-AI.site<br \/>Omistaja ja julkaisup\u00e4\u00e4llikk\u00f6: Joi AI<br \/>S\u00e4hk\u00f6postiosoite: contact@joi-ai.site<br \/>Majoitus: Hostinger, \u0160vitrigailos Vilnius, Liettua<\/p><p><strong><b>K\u00e4ytt\u00f6ehdot ja -ehdot<\/b><\/strong><br \/>Joi-ai.site-sivuston k\u00e4ytt\u00e4minen edellytt\u00e4\u00e4, ett\u00e4 noudatetaan Yleiset k\u00e4ytt\u00f6ehdot -sivulla kuvattuja k\u00e4ytt\u00f6ehtoja, joiden kanssa n\u00e4m\u00e4 oikeudelliset huomautukset ovat johdonmukaisia eiv\u00e4tk\u00e4 ole p\u00e4\u00e4llekk\u00e4isi\u00e4.<\/p><p><strong>Affiliate-linkit<\/strong><\/p><p>T\u00e4m\u00e4 sivusto voi sis\u00e4lt\u00e4\u00e4 affiliate-linkkej\u00e4 kaupallisiin kumppaneihin. T\u00e4m\u00e4 tarkoittaa, ett\u00e4 saatamme saada palkkion, jos teet ostoksen n\u00e4iden linkkien kautta, ilman lis\u00e4kustannuksia sinulle.<\/p><p><strong><b>Immateriaalioikeudet<\/b><\/strong><br \/>Kaikki Joi-ai.site-sivustolla julkaistu sis\u00e4lt\u00f6, mukaan lukien teksti, kuvat, grafiikka ja logot, on tekij\u00e4noikeussuojattua. Luvaton k\u00e4ytt\u00f6 voi johtaa oikeudellisiin toimiin.<\/p><p><strong><b>Vastuun rajoittaminen<\/b><\/strong><br \/>Joi-ai pyrkii pit\u00e4m\u00e4\u00e4n sivustolla olevat tiedot ajan tasalla, mutta ep\u00e4tarkkuuksia tai puutteita saattaa esiinty\u00e4.<\/p><h4 class=\"western\"><b>Tietosuojak\u00e4yt\u00e4nt\u00f6<\/b><\/h4><p><strong><b>Henkil\u00f6tietojen ker\u00e4\u00e4minen ja k\u00e4ytt\u00f6<\/b><\/strong><br \/>Joi-ai.site-sivustolla ker\u00e4tyt henkil\u00f6tiedot on tarkoitettu yksinomaan Joi-ain sis\u00e4iseen k\u00e4ytt\u00f6\u00f6n. Tietojen j\u00e4lleenmyyntikiellon mukaisesti n\u00e4it\u00e4 tietoja ei luovuteta kolmansille osapuolille.<\/p><p><strong><b>K\u00e4ytt\u00e4j\u00e4n oikeudet<\/b><\/strong><br \/>S\u00e4\u00e4d\u00f6sten mukaisesti sinulla on oikeus tutustua itse\u00e4si koskeviin tietoihin, oikaista niit\u00e4 ja poistaa ne. N\u00e4it\u00e4 oikeuksia voi k\u00e4ytt\u00e4\u00e4 ottamalla yhteytt\u00e4 Joi-ai:iin edell\u00e4 mainittuun s\u00e4hk\u00f6postiosoitteeseen.<\/p><p><strong><b>Ev\u00e4steet<\/b><\/strong><br \/>Ev\u00e4steisiin liittyv\u00e4t k\u00e4yt\u00e4nn\u00f6t on esitetty yksityiskohtaisesti Joi-ai.site-sivuston yleisiss\u00e4 k\u00e4ytt\u00f6ehdoissa (GTCU). K\u00e4yt\u00e4mme ev\u00e4steit\u00e4 parantaaksemme k\u00e4ytt\u00f6kokemustasi myym\u00e4tt\u00e4 mit\u00e4\u00e4n tietoja.<\/p><p><strong><b>Hyperlinkit ja sovellettava lains\u00e4\u00e4d\u00e4nt\u00f6<\/b><\/strong><br \/>Joi-ai ei ole vastuussa niiden muiden sivustojen sis\u00e4ll\u00f6st\u00e4, joihin on annettu hyperlinkkej\u00e4.<\/p><p><strong><b>Ota yhteytt\u00e4<\/b><\/strong><br \/>Jos sinulla on kysytt\u00e4v\u00e4\u00e4 n\u00e4ist\u00e4 ilmoituksista tai tietosuojak\u00e4yt\u00e4nn\u00f6st\u00e4 tai jos haluat k\u00e4ytt\u00e4\u00e4 henkil\u00f6tietojasi koskevia oikeuksiasi, ota yhteytt\u00e4 Joi-ai:hin osoitteessa contact@Joi-ai.site.<\/p>\t\t\t\t\t\t\t\t<\/div>\n\t\t\t\t\t<\/div>\n\t\t\t\t<\/div>\n\t\t\t\t<\/div>","protected":false},"excerpt":{"rendered":"<p>Mentions l\u00e9gales IdentificationNom du site web : Joi-AIURL du site : Joi-AI.sitePropri\u00e9taire et responsable de la publication : Joi AIContact Email : contact@joi-ai.siteH\u00e9bergement : Hostinger, \u0160vitrigailos Vilnius, Lituanie Conditions d\u2019utilisationLa consultation de Joi-ai.site est soumise au respect des conditions d\u2019utilisation d\u00e9crites dans la page des Conditions G\u00e9n\u00e9rales d\u2019Utilisation (CGU), avec lesquelles ces mentions l\u00e9gales sont [&hellip;]<\/p>","protected":false},"author":1,"featured_media":0,"parent":0,"menu_order":0,"comment_status":"closed","ping_status":"closed","template":"","meta":{"footnotes":""},"class_list":["post-11","page","type-page","status-publish","hentry"],"_hostinger_reach_plugin_has_subscription_block":false,"_hostinger_reach_plugin_is_elementor":false,"_links":{"self":[{"href":"https:\/\/joi-ai.site\/fi\/wp-json\/wp\/v2\/pages\/11","targetHints":{"allow":["GET"]}}],"collection":[{"href":"https:\/\/joi-ai.site\/fi\/wp-json\/wp\/v2\/pages"}],"about":[{"href":"https:\/\/joi-ai.site\/fi\/wp-json\/wp\/v2\/types\/page"}],"author":[{"embeddable":true,"href":"https:\/\/joi-ai.site\/fi\/wp-json\/wp\/v2\/users\/1"}],"replies":[{"embeddable":true,"href":"https:\/\/joi-ai.site\/fi\/wp-json\/wp\/v2\/comments?post=11"}],"version-history":[{"count":10,"href":"https:\/\/joi-ai.site\/fi\/wp-json\/wp\/v2\/pages\/11\/revisions"}],"predecessor-version":[{"id":245,"href":"https:\/\/joi-ai.site\/fi\/wp-json\/wp\/v2\/pages\/11\/revisions\/245"}],"wp:attachment":[{"href":"https:\/\/joi-ai.site\/fi\/wp-json\/wp\/v2\/media?parent=11"}],"curies":[{"name":"wp","href":"https:\/\/api.w.org\/{rel}","templated":true}]}}