{"id":11,"date":"2026-02-09T16:20:06","date_gmt":"2026-02-09T16:20:06","guid":{"rendered":"https:\/\/joi-ai.site\/?page_id=11"},"modified":"2026-02-10T14:29:36","modified_gmt":"2026-02-10T14:29:36","slug":"juridisk-informasjon","status":"publish","type":"page","link":"https:\/\/joi-ai.site\/nb\/juridisk-informasjon\/","title":{"rendered":"Juridisk informasjon"},"content":{"rendered":"<div data-elementor-type=\"wp-page\" data-elementor-id=\"11\" class=\"elementor elementor-11\" data-elementor-post-type=\"page\">\n\t\t\t\t<div class=\"elementor-element elementor-element-9c9c1e7 e-flex e-con-boxed e-con e-parent\" data-id=\"9c9c1e7\" data-element_type=\"container\" data-e-type=\"container\" data-settings=\"{&quot;background_background&quot;:&quot;classic&quot;}\">\n\t\t\t\t\t<div class=\"e-con-inner\">\n\t\t\t\t<div class=\"elementor-element elementor-element-9c836a1 elementor-widget elementor-widget-heading\" data-id=\"9c836a1\" data-element_type=\"widget\" data-e-type=\"widget\" data-widget_type=\"heading.default\">\n\t\t\t\t\t<h1 class=\"elementor-heading-title elementor-size-default\">Juridisk informasjon<\/h1>\t\t\t\t<\/div>\n\t\t\t\t<div class=\"elementor-element elementor-element-97f0ea1 elementor-widget elementor-widget-text-editor\" data-id=\"97f0ea1\" data-element_type=\"widget\" data-e-type=\"widget\" data-widget_type=\"text-editor.default\">\n\t\t\t\t\t\t\t\t\t<p><strong><b>Identifikasjon<\/b><\/strong><br \/>Navn p\u00e5 nettstedet: Joi-AI<br \/>Nettstedets URL: Joi-AI.site<br \/>Eier og publiseringsansvarlig: Joi AI<br \/>E-postkontakt: contact@joi-ai.site<br \/>Overnatting: Hostinger, \u0160vitrigailos Vilnius, Litauen<\/p><p><strong><b>Vilk\u00e5r og betingelser for bruk<\/b><\/strong><br \/>Bruk av Joi-ai.site er underlagt overholdelse av bruksbetingelsene som er beskrevet p\u00e5 siden Generelle bruksbetingelser (GCU), som disse juridiske merknadene er i samsvar med og ikke dupliserer.<\/p><p><strong>Tilknyttede lenker<\/strong><\/p><p>Dette nettstedet kan inneholde tilknyttede lenker til kommersielle partnere. Dette betyr at vi kan motta en provisjon hvis du foretar et kj\u00f8p via disse lenkene, uten at det koster deg noe ekstra.<\/p><p><strong><b>Intellektuell eiendom<\/b><\/strong><br \/>Alt innhold som publiseres p\u00e5 Joi-ai.site, inkludert tekst, bilder, grafikk og logoer, er beskyttet av opphavsrett. Enhver uautorisert bruk kan f\u00f8re til rettslige skritt.<\/p><p><strong><b>Begrensning av ansvar<\/b><\/strong><br \/>Joi-ai bestreber seg p\u00e5 \u00e5 holde informasjonen p\u00e5 nettstedet oppdatert, men un\u00f8yaktigheter eller utelatelser kan forekomme.<\/p><h4 class=\"western\"><b>Retningslinjer for personvern<\/b><\/h4><p><strong><b>Innsamling og bruk av personopplysninger<\/b><\/strong><br \/>Personopplysningene som samles inn p\u00e5 Joi-ai.site er utelukkende ment for Joi-ais interne bruk. I samsvar med retningslinjene for ikke-videresalg av informasjon, blir disse dataene ikke gitt videre til tredjeparter.<\/p><p><strong><b>Brukerrettigheter<\/b><\/strong><br \/>I henhold til regelverket har du rett til innsyn, retting og sletting av opplysninger om deg selv. Disse rettighetene kan ut\u00f8ves ved \u00e5 kontakte Joi-ai p\u00e5 e-postadressen som er oppgitt ovenfor.<\/p><p><strong><b>Informasjonskapsler<\/b><\/strong><br \/>Retningslinjene for informasjonskapsler er beskrevet i Joi-ai.site Generelle vilk\u00e5r og betingelser for bruk (GTCU). Vi bruker informasjonskapsler for \u00e5 forbedre brukeropplevelsen din uten \u00e5 selge informasjon.<\/p><p><strong><b>Hypertekstlenker og gjeldende lovverk<\/b><\/strong><br \/>Joi-ai kan ikke holdes ansvarlig for innholdet p\u00e5 andre nettsteder som det finnes hyperkoblinger til.<\/p><p><strong><b>Kontakt<\/b><\/strong><br \/>Hvis du har sp\u00f8rsm\u00e5l om disse merknadene eller personvernerkl\u00e6ringen, eller hvis du \u00f8nsker \u00e5 ut\u00f8ve dine rettigheter med hensyn til personopplysningene dine, kan du kontakte Joi-ai p\u00e5 contact@Joi-ai.site.<\/p>\t\t\t\t\t\t\t\t<\/div>\n\t\t\t\t\t<\/div>\n\t\t\t\t<\/div>\n\t\t\t\t<\/div>","protected":false},"excerpt":{"rendered":"<p>Mentions l\u00e9gales IdentificationNom du site web : Joi-AIURL du site : Joi-AI.sitePropri\u00e9taire et responsable de la publication : Joi AIContact Email : contact@joi-ai.siteH\u00e9bergement : Hostinger, \u0160vitrigailos Vilnius, Lituanie Conditions d\u2019utilisationLa consultation de Joi-ai.site est soumise au respect des conditions d\u2019utilisation d\u00e9crites dans la page des Conditions G\u00e9n\u00e9rales d\u2019Utilisation (CGU), avec lesquelles ces mentions l\u00e9gales sont [&hellip;]<\/p>","protected":false},"author":1,"featured_media":0,"parent":0,"menu_order":0,"comment_status":"closed","ping_status":"closed","template":"","meta":{"footnotes":""},"class_list":["post-11","page","type-page","status-publish","hentry"],"_hostinger_reach_plugin_has_subscription_block":false,"_hostinger_reach_plugin_is_elementor":false,"_links":{"self":[{"href":"https:\/\/joi-ai.site\/nb\/wp-json\/wp\/v2\/pages\/11","targetHints":{"allow":["GET"]}}],"collection":[{"href":"https:\/\/joi-ai.site\/nb\/wp-json\/wp\/v2\/pages"}],"about":[{"href":"https:\/\/joi-ai.site\/nb\/wp-json\/wp\/v2\/types\/page"}],"author":[{"embeddable":true,"href":"https:\/\/joi-ai.site\/nb\/wp-json\/wp\/v2\/users\/1"}],"replies":[{"embeddable":true,"href":"https:\/\/joi-ai.site\/nb\/wp-json\/wp\/v2\/comments?post=11"}],"version-history":[{"count":10,"href":"https:\/\/joi-ai.site\/nb\/wp-json\/wp\/v2\/pages\/11\/revisions"}],"predecessor-version":[{"id":245,"href":"https:\/\/joi-ai.site\/nb\/wp-json\/wp\/v2\/pages\/11\/revisions\/245"}],"wp:attachment":[{"href":"https:\/\/joi-ai.site\/nb\/wp-json\/wp\/v2\/media?parent=11"}],"curies":[{"name":"wp","href":"https:\/\/api.w.org\/{rel}","templated":true}]}}