{"id":11,"date":"2026-02-09T16:20:06","date_gmt":"2026-02-09T16:20:06","guid":{"rendered":"https:\/\/joi-ai.site\/?page_id=11"},"modified":"2026-02-10T14:29:36","modified_gmt":"2026-02-10T14:29:36","slug":"juridische-informatie","status":"publish","type":"page","link":"https:\/\/joi-ai.site\/nl\/juridische-informatie\/","title":{"rendered":"Juridische informatie"},"content":{"rendered":"<div data-elementor-type=\"wp-page\" data-elementor-id=\"11\" class=\"elementor elementor-11\" data-elementor-post-type=\"page\">\n\t\t\t\t<div class=\"elementor-element elementor-element-9c9c1e7 e-flex e-con-boxed e-con e-parent\" data-id=\"9c9c1e7\" data-element_type=\"container\" data-e-type=\"container\" data-settings=\"{&quot;background_background&quot;:&quot;classic&quot;}\">\n\t\t\t\t\t<div class=\"e-con-inner\">\n\t\t\t\t<div class=\"elementor-element elementor-element-9c836a1 elementor-widget elementor-widget-heading\" data-id=\"9c836a1\" data-element_type=\"widget\" data-e-type=\"widget\" data-widget_type=\"heading.default\">\n\t\t\t\t\t<h1 class=\"elementor-heading-title elementor-size-default\">Juridische informatie<\/h1>\t\t\t\t<\/div>\n\t\t\t\t<div class=\"elementor-element elementor-element-97f0ea1 elementor-widget elementor-widget-text-editor\" data-id=\"97f0ea1\" data-element_type=\"widget\" data-e-type=\"widget\" data-widget_type=\"text-editor.default\">\n\t\t\t\t\t\t\t\t\t<p><strong><b>Identificatie<\/b><\/strong><br \/>Naam website: Joi-AI<br \/>URL website: Joi-AI.site<br \/>Eigenaar en publicatiemanager: Joi AI<br \/>E-mail: contact@joi-ai.site<br \/>Accommodatie: Hostinger, \u0160vitrigailos Vilnius, Litouwen<\/p><p><strong><b>Gebruiksvoorwaarden<\/b><\/strong><br \/>Raadpleging van Joi-ai.site is onderworpen aan de naleving van de gebruiksvoorwaarden beschreven op de Algemene Gebruiksvoorwaarden (GCU) pagina, waarmee deze wettelijke vermeldingen consistent zijn en geen duplicaat vormen.<\/p><p><strong>Affiliate links<\/strong><\/p><p>Deze site kan affiliate links naar commerci\u00eble partners bevatten. Dit betekent dat we een commissie kunnen ontvangen als je een aankoop doet via deze links, zonder extra kosten voor jou.<\/p><p><strong><b>Intellectueel eigendom<\/b><\/strong><br \/>Alle inhoud gepubliceerd op Joi-ai.site, met inbegrip van tekst, afbeeldingen, grafieken en logo's, is beschermd door het auteursrecht. Elk ongeoorloofd gebruik kan leiden tot juridische stappen.<\/p><p><strong><b>Beperking van aansprakelijkheid<\/b><\/strong><br \/>Joi-ai probeert de informatie op de site actueel te houden, maar onnauwkeurigheden of weglatingen kunnen voorkomen.<\/p><h4 class=\"western\"><b>Privacybeleid<\/b><\/h4><p><strong><b>Verzamelen en gebruiken van persoonlijke gegevens<\/b><\/strong><br \/>De persoonlijke gegevens die op Joi-ai.site worden verzameld zijn uitsluitend bestemd voor intern gebruik door Joi-ai. In overeenstemming met het beleid van niet-verkoop van informatie, worden deze gegevens niet doorgegeven aan derden.<\/p><p><strong><b>Gebruikersrechten<\/b><\/strong><br \/>In overeenstemming met de regelgeving hebt u het recht op toegang, rectificatie en verwijdering van gegevens die op u betrekking hebben. Deze rechten kunnen worden uitgeoefend door contact op te nemen met Joi-ai op het hierboven vermelde e-mailadres.<\/p><p><strong><b>Cookies<\/b><\/strong><br \/>Het beleid met betrekking tot cookies is gedetailleerd in de Algemene Gebruiksvoorwaarden van Joi-ai.site. We gebruiken cookies om je gebruikerservaring te verbeteren zonder informatie te verkopen.<\/p><p><strong><b>Hyperlinks en toepasselijk recht<\/b><\/strong><br \/>Joi-ai kan niet verantwoordelijk worden gehouden voor de inhoud van andere sites waarnaar hyperlinks worden gegeven.<\/p><p><strong><b>Neem contact op met<\/b><\/strong><br \/>Als u vragen hebt over deze kennisgevingen of het privacybeleid, of als u uw rechten met betrekking tot uw persoonsgegevens wilt uitoefenen, kunt u contact opnemen met Joi-ai via contact@Joi-ai.site.<\/p>\t\t\t\t\t\t\t\t<\/div>\n\t\t\t\t\t<\/div>\n\t\t\t\t<\/div>\n\t\t\t\t<\/div>","protected":false},"excerpt":{"rendered":"<p>Mentions l\u00e9gales IdentificationNom du site web : Joi-AIURL du site : Joi-AI.sitePropri\u00e9taire et responsable de la publication : Joi AIContact Email : contact@joi-ai.siteH\u00e9bergement : Hostinger, \u0160vitrigailos Vilnius, Lituanie Conditions d\u2019utilisationLa consultation de Joi-ai.site est soumise au respect des conditions d\u2019utilisation d\u00e9crites dans la page des Conditions G\u00e9n\u00e9rales d\u2019Utilisation (CGU), avec lesquelles ces mentions l\u00e9gales sont [&hellip;]<\/p>","protected":false},"author":1,"featured_media":0,"parent":0,"menu_order":0,"comment_status":"closed","ping_status":"closed","template":"","meta":{"footnotes":""},"class_list":["post-11","page","type-page","status-publish","hentry"],"_hostinger_reach_plugin_has_subscription_block":false,"_hostinger_reach_plugin_is_elementor":false,"_links":{"self":[{"href":"https:\/\/joi-ai.site\/nl\/wp-json\/wp\/v2\/pages\/11","targetHints":{"allow":["GET"]}}],"collection":[{"href":"https:\/\/joi-ai.site\/nl\/wp-json\/wp\/v2\/pages"}],"about":[{"href":"https:\/\/joi-ai.site\/nl\/wp-json\/wp\/v2\/types\/page"}],"author":[{"embeddable":true,"href":"https:\/\/joi-ai.site\/nl\/wp-json\/wp\/v2\/users\/1"}],"replies":[{"embeddable":true,"href":"https:\/\/joi-ai.site\/nl\/wp-json\/wp\/v2\/comments?post=11"}],"version-history":[{"count":10,"href":"https:\/\/joi-ai.site\/nl\/wp-json\/wp\/v2\/pages\/11\/revisions"}],"predecessor-version":[{"id":245,"href":"https:\/\/joi-ai.site\/nl\/wp-json\/wp\/v2\/pages\/11\/revisions\/245"}],"wp:attachment":[{"href":"https:\/\/joi-ai.site\/nl\/wp-json\/wp\/v2\/media?parent=11"}],"curies":[{"name":"wp","href":"https:\/\/api.w.org\/{rel}","templated":true}]}}