{"id":11,"date":"2026-02-09T16:20:06","date_gmt":"2026-02-09T16:20:06","guid":{"rendered":"https:\/\/joi-ai.site\/?page_id=11"},"modified":"2026-02-10T14:29:36","modified_gmt":"2026-02-10T14:29:36","slug":"informacao-juridica","status":"publish","type":"page","link":"https:\/\/joi-ai.site\/pt\/informacao-juridica\/","title":{"rendered":"Informa\u00e7\u00e3o jur\u00eddica"},"content":{"rendered":"<div data-elementor-type=\"wp-page\" data-elementor-id=\"11\" class=\"elementor elementor-11\" data-elementor-post-type=\"page\">\n\t\t\t\t<div class=\"elementor-element elementor-element-9c9c1e7 e-flex e-con-boxed e-con e-parent\" data-id=\"9c9c1e7\" data-element_type=\"container\" data-e-type=\"container\" data-settings=\"{&quot;background_background&quot;:&quot;classic&quot;}\">\n\t\t\t\t\t<div class=\"e-con-inner\">\n\t\t\t\t<div class=\"elementor-element elementor-element-9c836a1 elementor-widget elementor-widget-heading\" data-id=\"9c836a1\" data-element_type=\"widget\" data-e-type=\"widget\" data-widget_type=\"heading.default\">\n\t\t\t\t\t<h1 class=\"elementor-heading-title elementor-size-default\">Informa\u00e7\u00e3o jur\u00eddica<\/h1>\t\t\t\t<\/div>\n\t\t\t\t<div class=\"elementor-element elementor-element-97f0ea1 elementor-widget elementor-widget-text-editor\" data-id=\"97f0ea1\" data-element_type=\"widget\" data-e-type=\"widget\" data-widget_type=\"text-editor.default\">\n\t\t\t\t\t\t\t\t\t<p><strong><b>Identifica\u00e7\u00e3o<\/b><\/strong><br \/>Nome do s\u00edtio Web: Joi-AI<br \/>URL do s\u00edtio: Joi-AI.site<br \/>Propriet\u00e1rio e diretor da publica\u00e7\u00e3o: Joi AI<br \/>Contacto eletr\u00f3nico: contact@joi-ai.site<br \/>Alojamento: Hostinger, \u0160vitrigailos Vilnius, Litu\u00e2nia<\/p><p><strong><b>Termos e condi\u00e7\u00f5es de utiliza\u00e7\u00e3o<\/b><\/strong><br \/>A consulta do site Joi-ai.com est\u00e1 sujeita ao respeito das condi\u00e7\u00f5es de utiliza\u00e7\u00e3o descritas na p\u00e1gina das Condi\u00e7\u00f5es Gerais de Utiliza\u00e7\u00e3o (CGU), com as quais as presentes men\u00e7\u00f5es legais s\u00e3o coerentes e n\u00e3o duplicam.<\/p><p><strong>Liga\u00e7\u00f5es de afiliados<\/strong><\/p><p>Este s\u00edtio pode conter liga\u00e7\u00f5es de afiliados a parceiros comerciais. Isto significa que podemos receber uma comiss\u00e3o se efetuar uma compra atrav\u00e9s destas liga\u00e7\u00f5es, sem qualquer custo adicional para si.<\/p><p><strong><b>Propriedade intelectual<\/b><\/strong><br \/>Todos os conte\u00fados publicados no s\u00edtio Joi-ai.site, incluindo textos, imagens, gr\u00e1ficos e log\u00f3tipos, est\u00e3o protegidos por direitos de autor. Qualquer utiliza\u00e7\u00e3o n\u00e3o autorizada pode dar origem a ac\u00e7\u00f5es judiciais.<\/p><p><strong><b>Limita\u00e7\u00e3o da responsabilidade<\/b><\/strong><br \/>A Joi-ai esfor\u00e7a-se por manter as informa\u00e7\u00f5es do s\u00edtio actualizadas, mas podem ocorrer imprecis\u00f5es ou omiss\u00f5es.<\/p><h4 class=\"western\"><b>Pol\u00edtica de privacidade<\/b><\/h4><p><strong><b>Recolha e utiliza\u00e7\u00e3o de dados pessoais<\/b><\/strong><br \/>Os dados pessoais recolhidos em Joi-ai.site destinam-se exclusivamente a uso interno da Joi-ai. Em conformidade com a pol\u00edtica de n\u00e3o revenda de informa\u00e7\u00f5es, estes dados n\u00e3o s\u00e3o transmitidos a terceiros.<\/p><p><strong><b>Direitos do utilizador<\/b><\/strong><br \/>Em conformidade com a regulamenta\u00e7\u00e3o, o utilizador tem o direito de aceder, retificar e apagar os dados que lhe dizem respeito. Estes direitos podem ser exercidos contactando a Joi-ai atrav\u00e9s do endere\u00e7o eletr\u00f3nico acima indicado.<\/p><p><strong><b>Biscoitos<\/b><\/strong><br \/>A pol\u00edtica relativa aos cookies \u00e9 descrita em pormenor nas Condi\u00e7\u00f5es Gerais de Utiliza\u00e7\u00e3o do s\u00edtio Joi-ai.site (CGU). Utilizamos os cookies para melhorar a sua experi\u00eancia de utilizador sem vender qualquer informa\u00e7\u00e3o.<\/p><p><strong><b>Liga\u00e7\u00f5es de hipertexto e legisla\u00e7\u00e3o aplic\u00e1vel<\/b><\/strong><br \/>A Joi-ai n\u00e3o pode ser responsabilizada pelo conte\u00fado de outros s\u00edtios para os quais s\u00e3o fornecidas hiperliga\u00e7\u00f5es.<\/p><p><strong><b>Contacto<\/b><\/strong><br \/>Se tiver alguma d\u00favida sobre estes avisos ou sobre a pol\u00edtica de privacidade, ou se pretender exercer os seus direitos relativamente aos seus dados pessoais, contacte a Joi-ai atrav\u00e9s do endere\u00e7o contact@Joi-ai.site.<\/p>\t\t\t\t\t\t\t\t<\/div>\n\t\t\t\t\t<\/div>\n\t\t\t\t<\/div>\n\t\t\t\t<\/div>","protected":false},"excerpt":{"rendered":"<p>Mentions l\u00e9gales IdentificationNom du site web : Joi-AIURL du site : Joi-AI.sitePropri\u00e9taire et responsable de la publication : Joi AIContact Email : contact@joi-ai.siteH\u00e9bergement : Hostinger, \u0160vitrigailos Vilnius, Lituanie Conditions d\u2019utilisationLa consultation de Joi-ai.site est soumise au respect des conditions d\u2019utilisation d\u00e9crites dans la page des Conditions G\u00e9n\u00e9rales d\u2019Utilisation (CGU), avec lesquelles ces mentions l\u00e9gales sont [&hellip;]<\/p>","protected":false},"author":1,"featured_media":0,"parent":0,"menu_order":0,"comment_status":"closed","ping_status":"closed","template":"","meta":{"footnotes":""},"class_list":["post-11","page","type-page","status-publish","hentry"],"_hostinger_reach_plugin_has_subscription_block":false,"_hostinger_reach_plugin_is_elementor":false,"_links":{"self":[{"href":"https:\/\/joi-ai.site\/pt\/wp-json\/wp\/v2\/pages\/11","targetHints":{"allow":["GET"]}}],"collection":[{"href":"https:\/\/joi-ai.site\/pt\/wp-json\/wp\/v2\/pages"}],"about":[{"href":"https:\/\/joi-ai.site\/pt\/wp-json\/wp\/v2\/types\/page"}],"author":[{"embeddable":true,"href":"https:\/\/joi-ai.site\/pt\/wp-json\/wp\/v2\/users\/1"}],"replies":[{"embeddable":true,"href":"https:\/\/joi-ai.site\/pt\/wp-json\/wp\/v2\/comments?post=11"}],"version-history":[{"count":10,"href":"https:\/\/joi-ai.site\/pt\/wp-json\/wp\/v2\/pages\/11\/revisions"}],"predecessor-version":[{"id":245,"href":"https:\/\/joi-ai.site\/pt\/wp-json\/wp\/v2\/pages\/11\/revisions\/245"}],"wp:attachment":[{"href":"https:\/\/joi-ai.site\/pt\/wp-json\/wp\/v2\/media?parent=11"}],"curies":[{"name":"wp","href":"https:\/\/api.w.org\/{rel}","templated":true}]}}