{"id":11,"date":"2026-02-09T16:20:06","date_gmt":"2026-02-09T16:20:06","guid":{"rendered":"https:\/\/joi-ai.site\/?page_id=11"},"modified":"2026-02-10T14:29:36","modified_gmt":"2026-02-10T14:29:36","slug":"informacoes-legais","status":"publish","type":"page","link":"https:\/\/joi-ai.site\/pt_br\/informacoes-legais\/","title":{"rendered":"Informa\u00e7\u00f5es legais"},"content":{"rendered":"<div data-elementor-type=\"wp-page\" data-elementor-id=\"11\" class=\"elementor elementor-11\" data-elementor-post-type=\"page\">\n\t\t\t\t<div class=\"elementor-element elementor-element-9c9c1e7 e-flex e-con-boxed e-con e-parent\" data-id=\"9c9c1e7\" data-element_type=\"container\" data-e-type=\"container\" data-settings=\"{&quot;background_background&quot;:&quot;classic&quot;}\">\n\t\t\t\t\t<div class=\"e-con-inner\">\n\t\t\t\t<div class=\"elementor-element elementor-element-9c836a1 elementor-widget elementor-widget-heading\" data-id=\"9c836a1\" data-element_type=\"widget\" data-e-type=\"widget\" data-widget_type=\"heading.default\">\n\t\t\t\t\t<h1 class=\"elementor-heading-title elementor-size-default\">Informa\u00e7\u00f5es legais<\/h1>\t\t\t\t<\/div>\n\t\t\t\t<div class=\"elementor-element elementor-element-97f0ea1 elementor-widget elementor-widget-text-editor\" data-id=\"97f0ea1\" data-element_type=\"widget\" data-e-type=\"widget\" data-widget_type=\"text-editor.default\">\n\t\t\t\t\t\t\t\t\t<p><strong><b>Identifica\u00e7\u00e3o<\/b><\/strong><br \/>Nome do site: Joi-AI<br \/>URL do site: Joi-AI.site<br \/>Propriet\u00e1rio e gerente de publica\u00e7\u00e3o: Joi AI<br \/>Contato por e-mail: contact@joi-ai.site<br \/>Acomoda\u00e7\u00e3o: Hostinger, \u0160vitrigailos Vilnius, Litu\u00e2nia<\/p><p><strong><b>Termos e condi\u00e7\u00f5es de uso<\/b><\/strong><br \/>A consulta ao Joi-ai.site est\u00e1 sujeita \u00e0 conformidade com as condi\u00e7\u00f5es de uso descritas na p\u00e1gina Condi\u00e7\u00f5es Gerais de Uso (GCU), com as quais estes avisos legais s\u00e3o consistentes e n\u00e3o duplicam.<\/p><p><strong>Links de afiliados<\/strong><\/p><p>Este site pode conter links de afiliados para parceiros comerciais. Isso significa que podemos receber uma comiss\u00e3o se voc\u00ea fizer uma compra por meio desses links, sem nenhum custo adicional para voc\u00ea.<\/p><p><strong><b>Propriedade intelectual<\/b><\/strong><br \/>Todo o conte\u00fado publicado no site Joi-ai.site, incluindo texto, imagens, gr\u00e1ficos e logotipos, \u00e9 protegido por direitos autorais. Qualquer uso n\u00e3o autorizado pode resultar em a\u00e7\u00e3o legal.<\/p><p><strong><b>Limita\u00e7\u00e3o de responsabilidade<\/b><\/strong><br \/>A Joi-ai se esfor\u00e7a para manter as informa\u00e7\u00f5es do site atualizadas, mas podem ocorrer imprecis\u00f5es ou omiss\u00f5es.<\/p><h4 class=\"western\"><b>Pol\u00edtica de privacidade<\/b><\/h4><p><strong><b>Coleta e uso de dados pessoais<\/b><\/strong><br \/>Os dados pessoais coletados no site Joi-ai.site destinam-se exclusivamente ao uso interno da Joi-ai. De acordo com a pol\u00edtica de n\u00e3o revenda de informa\u00e7\u00f5es, esses dados n\u00e3o s\u00e3o repassados a terceiros.<\/p><p><strong><b>Direitos do usu\u00e1rio<\/b><\/strong><br \/>De acordo com os regulamentos, voc\u00ea tem o direito de acessar, retificar e excluir os dados que lhe dizem respeito. Esses direitos podem ser exercidos entrando em contato com a Joi-ai no endere\u00e7o de e-mail fornecido acima.<\/p><p><strong><b>Cookies<\/b><\/strong><br \/>A pol\u00edtica relacionada a cookies est\u00e1 detalhada nos Termos e Condi\u00e7\u00f5es Gerais de Uso (GTCU) do Joi-ai.site. Usamos cookies para melhorar sua experi\u00eancia de usu\u00e1rio sem vender nenhuma informa\u00e7\u00e3o.<\/p><p><strong><b>Links de hipertexto e legisla\u00e7\u00e3o aplic\u00e1vel<\/b><\/strong><br \/>A Joi-ai n\u00e3o pode ser responsabilizada pelo conte\u00fado de outros sites para os quais s\u00e3o fornecidos hiperlinks.<\/p><p><strong><b>Contato<\/b><\/strong><br \/>Se tiver alguma d\u00favida sobre esses avisos ou sobre a pol\u00edtica de privacidade, ou se desejar exercer seus direitos com rela\u00e7\u00e3o aos seus dados pessoais, entre em contato com a Joi-ai pelo e-mail contact@Joi-ai.site.<\/p>\t\t\t\t\t\t\t\t<\/div>\n\t\t\t\t\t<\/div>\n\t\t\t\t<\/div>\n\t\t\t\t<\/div>","protected":false},"excerpt":{"rendered":"<p>Mentions l\u00e9gales IdentificationNom du site web : Joi-AIURL du site : Joi-AI.sitePropri\u00e9taire et responsable de la publication : Joi AIContact Email : contact@joi-ai.siteH\u00e9bergement : Hostinger, \u0160vitrigailos Vilnius, Lituanie Conditions d\u2019utilisationLa consultation de Joi-ai.site est soumise au respect des conditions d\u2019utilisation d\u00e9crites dans la page des Conditions G\u00e9n\u00e9rales d\u2019Utilisation (CGU), avec lesquelles ces mentions l\u00e9gales sont [&hellip;]<\/p>","protected":false},"author":1,"featured_media":0,"parent":0,"menu_order":0,"comment_status":"closed","ping_status":"closed","template":"","meta":{"footnotes":""},"class_list":["post-11","page","type-page","status-publish","hentry"],"_hostinger_reach_plugin_has_subscription_block":false,"_hostinger_reach_plugin_is_elementor":false,"_links":{"self":[{"href":"https:\/\/joi-ai.site\/pt_br\/wp-json\/wp\/v2\/pages\/11","targetHints":{"allow":["GET"]}}],"collection":[{"href":"https:\/\/joi-ai.site\/pt_br\/wp-json\/wp\/v2\/pages"}],"about":[{"href":"https:\/\/joi-ai.site\/pt_br\/wp-json\/wp\/v2\/types\/page"}],"author":[{"embeddable":true,"href":"https:\/\/joi-ai.site\/pt_br\/wp-json\/wp\/v2\/users\/1"}],"replies":[{"embeddable":true,"href":"https:\/\/joi-ai.site\/pt_br\/wp-json\/wp\/v2\/comments?post=11"}],"version-history":[{"count":10,"href":"https:\/\/joi-ai.site\/pt_br\/wp-json\/wp\/v2\/pages\/11\/revisions"}],"predecessor-version":[{"id":245,"href":"https:\/\/joi-ai.site\/pt_br\/wp-json\/wp\/v2\/pages\/11\/revisions\/245"}],"wp:attachment":[{"href":"https:\/\/joi-ai.site\/pt_br\/wp-json\/wp\/v2\/media?parent=11"}],"curies":[{"name":"wp","href":"https:\/\/api.w.org\/{rel}","templated":true}]}}