{"id":11,"date":"2026-02-09T16:20:06","date_gmt":"2026-02-09T16:20:06","guid":{"rendered":"https:\/\/joi-ai.site\/?page_id=11"},"modified":"2026-02-10T14:29:36","modified_gmt":"2026-02-10T14:29:36","slug":"informatii-juridice","status":"publish","type":"page","link":"https:\/\/joi-ai.site\/ro\/informatii-juridice\/","title":{"rendered":"Informa\u021bii juridice"},"content":{"rendered":"<div data-elementor-type=\"wp-page\" data-elementor-id=\"11\" class=\"elementor elementor-11\" data-elementor-post-type=\"page\">\n\t\t\t\t<div class=\"elementor-element elementor-element-9c9c1e7 e-flex e-con-boxed e-con e-parent\" data-id=\"9c9c1e7\" data-element_type=\"container\" data-e-type=\"container\" data-settings=\"{&quot;background_background&quot;:&quot;classic&quot;}\">\n\t\t\t\t\t<div class=\"e-con-inner\">\n\t\t\t\t<div class=\"elementor-element elementor-element-9c836a1 elementor-widget elementor-widget-heading\" data-id=\"9c836a1\" data-element_type=\"widget\" data-e-type=\"widget\" data-widget_type=\"heading.default\">\n\t\t\t\t\t<h1 class=\"elementor-heading-title elementor-size-default\">Informa\u021bii juridice<\/h1>\t\t\t\t<\/div>\n\t\t\t\t<div class=\"elementor-element elementor-element-97f0ea1 elementor-widget elementor-widget-text-editor\" data-id=\"97f0ea1\" data-element_type=\"widget\" data-e-type=\"widget\" data-widget_type=\"text-editor.default\">\n\t\t\t\t\t\t\t\t\t<p><strong><b>Identificare<\/b><\/strong><br \/>Numele site-ului: Joi-AI<br \/>URL-ul site-ului: Joi-AI.site<br \/>Proprietar \u0219i director de publicare: Joi AI<br \/>Contact e-mail: contact@joi-ai.site<br \/>Cazare: Hostinger, \u0160vitrigailos Vilnius, Lituania<\/p><p><strong><b>Termeni \u0219i condi\u021bii de utilizare<\/b><\/strong><br \/>Consultarea site-ului Joi-ai.site este condi\u021bionat\u0103 de respectarea condi\u021biilor de utilizare descrise pe pagina Condi\u021bii Generale de Utilizare (CGU), cu care aceste men\u021biuni legale sunt coerente \u0219i nu se dubleaz\u0103.<\/p><p><strong>Leg\u0103turi afiliate<\/strong><\/p><p>Acest site poate con\u021bine link-uri afiliate c\u0103tre parteneri comerciali. Acest lucru \u00eenseamn\u0103 c\u0103 putem primi un comision dac\u0103 face\u021bi o achizi\u021bie prin intermediul acestor link-uri, f\u0103r\u0103 costuri suplimentare pentru dvs.<\/p><p><strong><b>Proprietatea intelectual\u0103<\/b><\/strong><br \/>Tot con\u021binutul publicat pe site-ul Joi-ai.site, inclusiv textul, imaginile, grafica \u0219i logo-urile, este protejat prin drepturi de autor. Orice utilizare neautorizat\u0103 poate duce la ac\u021biuni \u00een justi\u021bie.<\/p><p><strong><b>Limitarea r\u0103spunderii<\/b><\/strong><br \/>Joi-ai se str\u0103duie\u0219te s\u0103 men\u021bin\u0103 actualizate informa\u021biile de pe site, dar pot ap\u0103rea inexactit\u0103\u021bi sau omisiuni.<\/p><h4 class=\"western\"><b>Politica de confiden\u021bialitate<\/b><\/h4><p><strong><b>Colectarea \u0219i utilizarea datelor cu caracter personal<\/b><\/strong><br \/>Datele personale colectate pe site-ul Joi-ai.site sunt destinate exclusiv utiliz\u0103rii interne a Joi-ai. \u00cen conformitate cu politica de nerev\u00e2nzare a informa\u021biilor, aceste date nu sunt transmise ter\u021bilor.<\/p><p><strong><b>Drepturile utilizatorului<\/b><\/strong><br \/>\u00cen conformitate cu reglement\u0103rile, ave\u021bi dreptul de a accesa, rectifica \u0219i \u0219terge datele care v\u0103 privesc. Aceste drepturi pot fi exercitate contact\u00e2nd Joi-ai la adresa de e-mail indicat\u0103 mai sus.<\/p><p><strong><b>Cookie-uri<\/b><\/strong><br \/>Politica referitoare la cookie-uri este detaliat\u0103 \u00een Termenii \u0219i condi\u021biile generale de utilizare ale site-ului Joi-ai.site (GTCU). Utiliz\u0103m modulele cookie pentru a v\u0103 \u00eembun\u0103t\u0103\u021bi experien\u021ba de utilizator, f\u0103r\u0103 a vinde nicio informa\u021bie.<\/p><p><strong><b>Leg\u0103turile hipertext \u0219i legisla\u021bia aplicabil\u0103<\/b><\/strong><br \/>Joi-ai nu poate fi considerat responsabil pentru con\u021binutul altor site-uri c\u0103tre care sunt furnizate hyperlink-uri.<\/p><p><strong><b>Persoan\u0103 de contact<\/b><\/strong><br \/>Dac\u0103 ave\u021bi \u00eentreb\u0103ri cu privire la aceste notific\u0103ri sau la politica de confiden\u021bialitate sau dac\u0103 dori\u021bi s\u0103 v\u0103 exercita\u021bi drepturile cu privire la datele dvs. personale, v\u0103 rug\u0103m s\u0103 contacta\u021bi Joi-ai la contact@Joi-ai.site.<\/p>\t\t\t\t\t\t\t\t<\/div>\n\t\t\t\t\t<\/div>\n\t\t\t\t<\/div>\n\t\t\t\t<\/div>","protected":false},"excerpt":{"rendered":"<p>Mentions l\u00e9gales IdentificationNom du site web : Joi-AIURL du site : Joi-AI.sitePropri\u00e9taire et responsable de la publication : Joi AIContact Email : contact@joi-ai.siteH\u00e9bergement : Hostinger, \u0160vitrigailos Vilnius, Lituanie Conditions d\u2019utilisationLa consultation de Joi-ai.site est soumise au respect des conditions d\u2019utilisation d\u00e9crites dans la page des Conditions G\u00e9n\u00e9rales d\u2019Utilisation (CGU), avec lesquelles ces mentions l\u00e9gales sont [&hellip;]<\/p>","protected":false},"author":1,"featured_media":0,"parent":0,"menu_order":0,"comment_status":"closed","ping_status":"closed","template":"","meta":{"footnotes":""},"class_list":["post-11","page","type-page","status-publish","hentry"],"_hostinger_reach_plugin_has_subscription_block":false,"_hostinger_reach_plugin_is_elementor":false,"_links":{"self":[{"href":"https:\/\/joi-ai.site\/ro\/wp-json\/wp\/v2\/pages\/11","targetHints":{"allow":["GET"]}}],"collection":[{"href":"https:\/\/joi-ai.site\/ro\/wp-json\/wp\/v2\/pages"}],"about":[{"href":"https:\/\/joi-ai.site\/ro\/wp-json\/wp\/v2\/types\/page"}],"author":[{"embeddable":true,"href":"https:\/\/joi-ai.site\/ro\/wp-json\/wp\/v2\/users\/1"}],"replies":[{"embeddable":true,"href":"https:\/\/joi-ai.site\/ro\/wp-json\/wp\/v2\/comments?post=11"}],"version-history":[{"count":10,"href":"https:\/\/joi-ai.site\/ro\/wp-json\/wp\/v2\/pages\/11\/revisions"}],"predecessor-version":[{"id":245,"href":"https:\/\/joi-ai.site\/ro\/wp-json\/wp\/v2\/pages\/11\/revisions\/245"}],"wp:attachment":[{"href":"https:\/\/joi-ai.site\/ro\/wp-json\/wp\/v2\/media?parent=11"}],"curies":[{"name":"wp","href":"https:\/\/api.w.org\/{rel}","templated":true}]}}