{"id":11,"date":"2026-02-09T16:20:06","date_gmt":"2026-02-09T16:20:06","guid":{"rendered":"https:\/\/joi-ai.site\/?page_id=11"},"modified":"2026-02-10T14:29:36","modified_gmt":"2026-02-10T14:29:36","slug":"juridisk-information","status":"publish","type":"page","link":"https:\/\/joi-ai.site\/sv\/juridisk-information\/","title":{"rendered":"Juridisk information"},"content":{"rendered":"<div data-elementor-type=\"wp-page\" data-elementor-id=\"11\" class=\"elementor elementor-11\" data-elementor-post-type=\"page\">\n\t\t\t\t<div class=\"elementor-element elementor-element-9c9c1e7 e-flex e-con-boxed e-con e-parent\" data-id=\"9c9c1e7\" data-element_type=\"container\" data-e-type=\"container\" data-settings=\"{&quot;background_background&quot;:&quot;classic&quot;}\">\n\t\t\t\t\t<div class=\"e-con-inner\">\n\t\t\t\t<div class=\"elementor-element elementor-element-9c836a1 elementor-widget elementor-widget-heading\" data-id=\"9c836a1\" data-element_type=\"widget\" data-e-type=\"widget\" data-widget_type=\"heading.default\">\n\t\t\t\t\t<h1 class=\"elementor-heading-title elementor-size-default\">Juridisk information<\/h1>\t\t\t\t<\/div>\n\t\t\t\t<div class=\"elementor-element elementor-element-97f0ea1 elementor-widget elementor-widget-text-editor\" data-id=\"97f0ea1\" data-element_type=\"widget\" data-e-type=\"widget\" data-widget_type=\"text-editor.default\">\n\t\t\t\t\t\t\t\t\t<p><strong><b>Identifiering<\/b><\/strong><br \/>Webbplatsens namn: Joi-AI<br \/>Webbplatsens URL: Joi-AI.site<br \/>\u00c4gare och ansvarig utgivare: Joi AI<br \/>E-postkontakt: contact@joi-ai.site<br \/>Boende: Hostinger, \u0160vitrigailos Vilnius, Litauen<\/p><p><strong><b>Villkor och anvisningar f\u00f6r anv\u00e4ndning<\/b><\/strong><br \/>Konsultation av Joi-ai.site \u00e4r f\u00f6rem\u00e5l f\u00f6r efterlevnad av anv\u00e4ndningsvillkoren som beskrivs p\u00e5 sidan Allm\u00e4nna anv\u00e4ndningsvillkor (GCU), med vilka dessa juridiska meddelanden \u00f6verensst\u00e4mmer och inte duplicerar.<\/p><p><strong>Affiliate-l\u00e4nkar<\/strong><\/p><p>Denna webbplats kan inneh\u00e5lla affiliatel\u00e4nkar till kommersiella partners. Det inneb\u00e4r att vi kan f\u00e5 en provision om du g\u00f6r ett k\u00f6p via dessa l\u00e4nkar, utan n\u00e5gon extra kostnad f\u00f6r dig.<\/p><p><strong><b>Immateriella r\u00e4ttigheter<\/b><\/strong><br \/>Allt inneh\u00e5ll som publiceras p\u00e5 Joi-ai.site, inklusive text, bilder, grafik och logotyper, \u00e4r skyddat av upphovsr\u00e4tt. All obeh\u00f6rig anv\u00e4ndning kan leda till r\u00e4ttsliga \u00e5tg\u00e4rder.<\/p><p><strong><b>Begr\u00e4nsning av ansvar<\/b><\/strong><br \/>Joi-ai str\u00e4var efter att h\u00e5lla informationen p\u00e5 webbplatsen uppdaterad, men felaktigheter eller utel\u00e4mnanden kan f\u00f6rekomma.<\/p><h4 class=\"western\"><b>Integritetspolicy<\/b><\/h4><p><strong><b>Insamling och anv\u00e4ndning av personuppgifter<\/b><\/strong><br \/>De personuppgifter som samlas in p\u00e5 Joi-ai.site \u00e4r uteslutande avsedda f\u00f6r Joi-ais interna bruk. I enlighet med policyn om icke-\u00e5terf\u00f6rs\u00e4ljning av information vidarebefordras inte dessa uppgifter till tredje part.<\/p><p><strong><b>Anv\u00e4ndarr\u00e4ttigheter<\/b><\/strong><br \/>I enlighet med best\u00e4mmelserna har du r\u00e4tt att f\u00e5 tillg\u00e5ng till, r\u00e4tta till och radera uppgifter som r\u00f6r dig. Dessa r\u00e4ttigheter kan ut\u00f6vas genom att kontakta Joi-ai p\u00e5 den e-postadress som anges ovan.<\/p><p><strong><b>Kakor<\/b><\/strong><br \/>Policyn f\u00f6r cookies beskrivs i de allm\u00e4nna anv\u00e4ndarvillkoren f\u00f6r Joi-ai.site (GTCU). Vi anv\u00e4nder cookies f\u00f6r att f\u00f6rb\u00e4ttra din anv\u00e4ndarupplevelse utan att s\u00e4lja n\u00e5gon information.<\/p><p><strong><b>Hypertextl\u00e4nkar och till\u00e4mplig lag<\/b><\/strong><br \/>Joi-ai kan inte h\u00e5llas ansvarigt f\u00f6r inneh\u00e5llet p\u00e5 andra webbplatser till vilka hyperl\u00e4nkar tillhandah\u00e5lls.<\/p><p><strong><b>Kontakt<\/b><\/strong><br \/>Om du har n\u00e5gra fr\u00e5gor om dessa meddelanden eller integritetspolicyn, eller om du vill ut\u00f6va dina r\u00e4ttigheter med avseende p\u00e5 dina personuppgifter, v\u00e4nligen kontakta Joi-ai p\u00e5 contact@Joi-ai.site.<\/p>\t\t\t\t\t\t\t\t<\/div>\n\t\t\t\t\t<\/div>\n\t\t\t\t<\/div>\n\t\t\t\t<\/div>","protected":false},"excerpt":{"rendered":"<p>Mentions l\u00e9gales IdentificationNom du site web : Joi-AIURL du site : Joi-AI.sitePropri\u00e9taire et responsable de la publication : Joi AIContact Email : contact@joi-ai.siteH\u00e9bergement : Hostinger, \u0160vitrigailos Vilnius, Lituanie Conditions d\u2019utilisationLa consultation de Joi-ai.site est soumise au respect des conditions d\u2019utilisation d\u00e9crites dans la page des Conditions G\u00e9n\u00e9rales d\u2019Utilisation (CGU), avec lesquelles ces mentions l\u00e9gales sont [&hellip;]<\/p>","protected":false},"author":1,"featured_media":0,"parent":0,"menu_order":0,"comment_status":"closed","ping_status":"closed","template":"","meta":{"footnotes":""},"class_list":["post-11","page","type-page","status-publish","hentry"],"_hostinger_reach_plugin_has_subscription_block":false,"_hostinger_reach_plugin_is_elementor":false,"_links":{"self":[{"href":"https:\/\/joi-ai.site\/sv\/wp-json\/wp\/v2\/pages\/11","targetHints":{"allow":["GET"]}}],"collection":[{"href":"https:\/\/joi-ai.site\/sv\/wp-json\/wp\/v2\/pages"}],"about":[{"href":"https:\/\/joi-ai.site\/sv\/wp-json\/wp\/v2\/types\/page"}],"author":[{"embeddable":true,"href":"https:\/\/joi-ai.site\/sv\/wp-json\/wp\/v2\/users\/1"}],"replies":[{"embeddable":true,"href":"https:\/\/joi-ai.site\/sv\/wp-json\/wp\/v2\/comments?post=11"}],"version-history":[{"count":10,"href":"https:\/\/joi-ai.site\/sv\/wp-json\/wp\/v2\/pages\/11\/revisions"}],"predecessor-version":[{"id":245,"href":"https:\/\/joi-ai.site\/sv\/wp-json\/wp\/v2\/pages\/11\/revisions\/245"}],"wp:attachment":[{"href":"https:\/\/joi-ai.site\/sv\/wp-json\/wp\/v2\/media?parent=11"}],"curies":[{"name":"wp","href":"https:\/\/api.w.org\/{rel}","templated":true}]}}